{"id":1170,"date":"2021-10-14T22:11:35","date_gmt":"2021-10-15T01:11:35","guid":{"rendered":"https:\/\/cazumbafilmes.com\/?page_id=1170"},"modified":"2021-10-15T18:47:00","modified_gmt":"2021-10-15T21:47:00","slug":"curso-movement","status":"publish","type":"page","link":"https:\/\/cazumbafilmes.com\/en\/curso-movement\/","title":{"rendered":"(POR) Practices on Movement"},"content":{"rendered":"<p class=\"qtranxs-available-languages-message qtranxs-available-languages-message-en\">Sorry, this entry is only available in <a href=\"https:\/\/cazumbafilmes.com\/pb\/wp-json\/wp\/v2\/pages\/1170\" class=\"qtranxs-available-language-link qtranxs-available-language-link-pb\" title=\"POR\">Brazilian Portuguese<\/a>.<\/p>","protected":false},"excerpt":{"rendered":"<p>Sorry, this entry is only available in Brazilian Portuguese.<\/p>\n","protected":false},"author":5,"featured_media":0,"parent":0,"menu_order":0,"comment_status":"closed","ping_status":"closed","template":"","meta":{"spay_email":""},"yoast_head":"<!-- This site is optimized with the Yoast SEO plugin v17.3 - https:\/\/yoast.com\/wordpress\/plugins\/seo\/ -->\n<title>(POR) Practices on Movement - Cazumb\u00e1 Filmes<\/title>\n<meta name=\"description\" content=\"Fundada em 2016 pela realizadora Larissa Figueiredo, a Cazumb\u00e1 Filmes \u00e9 uma produtora independente com foco na inova\u00e7\u00e3o e experimenta\u00e7\u00e3o de linguagem em conte\u00fados voltados para cinema, televis\u00e3o e novas m\u00eddias.\" \/>\n<meta name=\"robots\" content=\"index, follow, max-snippet:-1, max-image-preview:large, max-video-preview:-1\" \/>\n<link rel=\"canonical\" href=\"https:\/\/cazumbafilmes.com\/curso-movement\/\" \/>\n<meta name=\"twitter:card\" content=\"summary\" \/>\n<meta name=\"twitter:title\" content=\"(POR) Practices on Movement - Cazumb\u00e1 Filmes\" \/>\n<meta name=\"twitter:description\" content=\"{:en}Fundada em 2016 pela realizadora Larissa Figueiredo, a Cazumb\u00e1 Filmes \u00e9 uma produtora independente com foco na inova\u00e7\u00e3o e experimenta\u00e7\u00e3o de linguagem em conte\u00fados voltados para cinema, televis\u00e3o e novas m\u00eddias.{:}\" \/>\n<meta name=\"twitter:image\" content=\"https:\/\/i0.wp.com\/cazumbafilmes.com\/wp-content\/uploads\/2021\/10\/anto.png?fit=245%2C245&amp;ssl=1\" \/>\n<meta name=\"twitter:label1\" content=\"Est. reading time\" \/>\n\t<meta name=\"twitter:data1\" content=\"2 minutes\" \/>\n<script type=\"application\/ld+json\" class=\"yoast-schema-graph\">{\"@context\":\"https:\/\/schema.org\",\"@graph\":[{\"@type\":\"WebSite\",\"@id\":\"https:\/\/cazumbafilmes.com\/#website\",\"url\":\"https:\/\/cazumbafilmes.com\/\",\"name\":\"Cazumb\\u00e1 Filmes\",\"description\":\"Cazumb\\u00e1 Filmes\",\"potentialAction\":[{\"@type\":\"SearchAction\",\"target\":{\"@type\":\"EntryPoint\",\"urlTemplate\":\"https:\/\/cazumbafilmes.com\/?s={search_term_string}\"},\"query-input\":\"required name=search_term_string\"}],\"inLanguage\":\"en-US\"},{\"@type\":\"ImageObject\",\"@id\":\"https:\/\/cazumbafilmes.com\/curso-movement\/#primaryimage\",\"inLanguage\":\"en-US\",\"url\":\"https:\/\/i0.wp.com\/cazumbafilmes.com\/wp-content\/uploads\/2021\/10\/anto.png?fit=245%2C245&ssl=1\",\"contentUrl\":\"https:\/\/i0.wp.com\/cazumbafilmes.com\/wp-content\/uploads\/2021\/10\/anto.png?fit=245%2C245&ssl=1\",\"width\":245,\"height\":245},{\"@type\":\"WebPage\",\"@id\":\"https:\/\/cazumbafilmes.com\/curso-movement\/#webpage\",\"url\":\"https:\/\/cazumbafilmes.com\/curso-movement\/\",\"name\":\"(POR) Practices on Movement - Cazumb\\u00e1 Filmes\",\"isPartOf\":{\"@id\":\"https:\/\/cazumbafilmes.com\/#website\"},\"primaryImageOfPage\":{\"@id\":\"https:\/\/cazumbafilmes.com\/curso-movement\/#primaryimage\"},\"datePublished\":\"2021-10-15T01:11:35+00:00\",\"dateModified\":\"2021-10-15T21:47:00+00:00\",\"description\":\"{:en}Fundada em 2016 pela realizadora Larissa Figueiredo, a Cazumb\\u00e1 Filmes \\u00e9 uma produtora independente com foco na inova\\u00e7\\u00e3o e experimenta\\u00e7\\u00e3o de linguagem em conte\\u00fados voltados para cinema, televis\\u00e3o e novas m\\u00eddias.{:}\",\"breadcrumb\":{\"@id\":\"https:\/\/cazumbafilmes.com\/curso-movement\/#breadcrumb\"},\"inLanguage\":\"en-US\",\"potentialAction\":[{\"@type\":\"ReadAction\",\"target\":[\"https:\/\/cazumbafilmes.com\/curso-movement\/\"]}]},{\"@type\":\"BreadcrumbList\",\"@id\":\"https:\/\/cazumbafilmes.com\/curso-movement\/#breadcrumb\",\"itemListElement\":[{\"@type\":\"ListItem\",\"position\":1,\"name\":\"In\\u00edcio\",\"item\":\"https:\/\/cazumbafilmes.com\/\"},{\"@type\":\"ListItem\",\"position\":2,\"name\":\"Practices on Movement\"}]}]}<\/script>\n<!-- \/ Yoast SEO plugin. -->","yoast_head_json":{"title":"(POR) Practices on Movement - Cazumb\u00e1 Filmes","description":"Fundada em 2016 pela realizadora Larissa Figueiredo, a Cazumb\u00e1 Filmes \u00e9 uma produtora independente com foco na inova\u00e7\u00e3o e experimenta\u00e7\u00e3o de linguagem em conte\u00fados voltados para cinema, televis\u00e3o e novas m\u00eddias.","robots":{"index":"index","follow":"follow","max-snippet":"max-snippet:-1","max-image-preview":"max-image-preview:large","max-video-preview":"max-video-preview:-1"},"canonical":"https:\/\/cazumbafilmes.com\/curso-movement\/","twitter_card":"summary","twitter_title":"(POR) Practices on Movement - Cazumb\u00e1 Filmes","twitter_description":"{:en}Fundada em 2016 pela realizadora Larissa Figueiredo, a Cazumb\u00e1 Filmes \u00e9 uma produtora independente com foco na inova\u00e7\u00e3o e experimenta\u00e7\u00e3o de linguagem em conte\u00fados voltados para cinema, televis\u00e3o e novas m\u00eddias.{:}","twitter_image":"https:\/\/i0.wp.com\/cazumbafilmes.com\/wp-content\/uploads\/2021\/10\/anto.png?fit=245%2C245&ssl=1","twitter_misc":{"Est. reading time":"2 minutes"},"schema":{"@context":"https:\/\/schema.org","@graph":[{"@type":"WebSite","@id":"https:\/\/cazumbafilmes.com\/#website","url":"https:\/\/cazumbafilmes.com\/","name":"Cazumb\u00e1 Filmes","description":"Cazumb\u00e1 Filmes","potentialAction":[{"@type":"SearchAction","target":{"@type":"EntryPoint","urlTemplate":"https:\/\/cazumbafilmes.com\/?s={search_term_string}"},"query-input":"required name=search_term_string"}],"inLanguage":"en-US"},{"@type":"ImageObject","@id":"https:\/\/cazumbafilmes.com\/curso-movement\/#primaryimage","inLanguage":"en-US","url":"https:\/\/i0.wp.com\/cazumbafilmes.com\/wp-content\/uploads\/2021\/10\/anto.png?fit=245%2C245&ssl=1","contentUrl":"https:\/\/i0.wp.com\/cazumbafilmes.com\/wp-content\/uploads\/2021\/10\/anto.png?fit=245%2C245&ssl=1","width":245,"height":245},{"@type":"WebPage","@id":"https:\/\/cazumbafilmes.com\/curso-movement\/#webpage","url":"https:\/\/cazumbafilmes.com\/curso-movement\/","name":"(POR) Practices on Movement - Cazumb\u00e1 Filmes","isPartOf":{"@id":"https:\/\/cazumbafilmes.com\/#website"},"primaryImageOfPage":{"@id":"https:\/\/cazumbafilmes.com\/curso-movement\/#primaryimage"},"datePublished":"2021-10-15T01:11:35+00:00","dateModified":"2021-10-15T21:47:00+00:00","description":"{:en}Fundada em 2016 pela realizadora Larissa Figueiredo, a Cazumb\u00e1 Filmes \u00e9 uma produtora independente com foco na inova\u00e7\u00e3o e experimenta\u00e7\u00e3o de linguagem em conte\u00fados voltados para cinema, televis\u00e3o e novas m\u00eddias.{:}","breadcrumb":{"@id":"https:\/\/cazumbafilmes.com\/curso-movement\/#breadcrumb"},"inLanguage":"en-US","potentialAction":[{"@type":"ReadAction","target":["https:\/\/cazumbafilmes.com\/curso-movement\/"]}]},{"@type":"BreadcrumbList","@id":"https:\/\/cazumbafilmes.com\/curso-movement\/#breadcrumb","itemListElement":[{"@type":"ListItem","position":1,"name":"In\u00edcio","item":"https:\/\/cazumbafilmes.com\/"},{"@type":"ListItem","position":2,"name":"Practices on Movement"}]}]}},"jetpack_sharing_enabled":true,"jetpack_shortlink":"https:\/\/wp.me\/P7x8QJ-iS","_links":{"self":[{"href":"https:\/\/cazumbafilmes.com\/en\/wp-json\/wp\/v2\/pages\/1170"}],"collection":[{"href":"https:\/\/cazumbafilmes.com\/en\/wp-json\/wp\/v2\/pages"}],"about":[{"href":"https:\/\/cazumbafilmes.com\/en\/wp-json\/wp\/v2\/types\/page"}],"author":[{"embeddable":true,"href":"https:\/\/cazumbafilmes.com\/en\/wp-json\/wp\/v2\/users\/5"}],"replies":[{"embeddable":true,"href":"https:\/\/cazumbafilmes.com\/en\/wp-json\/wp\/v2\/comments?post=1170"}],"version-history":[{"count":3,"href":"https:\/\/cazumbafilmes.com\/en\/wp-json\/wp\/v2\/pages\/1170\/revisions"}],"predecessor-version":[{"id":1243,"href":"https:\/\/cazumbafilmes.com\/en\/wp-json\/wp\/v2\/pages\/1170\/revisions\/1243"}],"wp:attachment":[{"href":"https:\/\/cazumbafilmes.com\/en\/wp-json\/wp\/v2\/media?parent=1170"}],"curies":[{"name":"wp","href":"https:\/\/api.w.org\/{rel}","templated":true}]}}