{"id":587,"date":"2021-07-07T16:23:28","date_gmt":"2021-07-07T19:23:28","guid":{"rendered":"https:\/\/cazumbafilmes.com\/?page_id=587"},"modified":"2021-10-15T17:57:16","modified_gmt":"2021-10-15T20:57:16","slug":"escola","status":"publish","type":"page","link":"https:\/\/cazumbafilmes.com\/en\/escola\/","title":{"rendered":"SCHOOL"},"content":{"rendered":"<p class=\"qtranxs-available-languages-message qtranxs-available-languages-message-en\">Sorry, this entry is only available in <a href=\"https:\/\/cazumbafilmes.com\/pb\/wp-json\/wp\/v2\/pages\/587\" class=\"qtranxs-available-language-link qtranxs-available-language-link-pb\" title=\"POR\">Brazilian Portuguese<\/a>.<\/p>","protected":false},"excerpt":{"rendered":"<p>Sorry, this entry is only available in Brazilian Portuguese.<\/p>\n","protected":false},"author":5,"featured_media":0,"parent":0,"menu_order":0,"comment_status":"closed","ping_status":"closed","template":"","meta":{"spay_email":""},"yoast_head":"<!-- This site is optimized with the Yoast SEO plugin v17.3 - https:\/\/yoast.com\/wordpress\/plugins\/seo\/ -->\n<title>SCHOOL - Cazumb\u00e1 Filmes<\/title>\n<meta name=\"description\" content=\"Fundada em 2016 pela realizadora Larissa Figueiredo, a Cazumb\u00e1 Filmes \u00e9 uma produtora independente com foco na inova\u00e7\u00e3o e experimenta\u00e7\u00e3o de linguagem em conte\u00fados voltados para cinema, televis\u00e3o e novas m\u00eddias.\" \/>\n<meta name=\"robots\" content=\"index, follow, max-snippet:-1, max-image-preview:large, max-video-preview:-1\" \/>\n<link rel=\"canonical\" href=\"https:\/\/cazumbafilmes.com\/escola\/\" \/>\n<meta name=\"twitter:card\" content=\"summary\" \/>\n<meta name=\"twitter:title\" content=\"SCHOOL - Cazumb\u00e1 Filmes\" \/>\n<meta name=\"twitter:description\" content=\"Fundada em 2016 pela realizadora Larissa Figueiredo, a Cazumb\u00e1 Filmes \u00e9 uma produtora independente com foco na inova\u00e7\u00e3o e experimenta\u00e7\u00e3o de linguagem em conte\u00fados voltados para cinema, televis\u00e3o e novas m\u00eddias.\" \/>\n<meta name=\"twitter:image\" content=\"https:\/\/i0.wp.com\/cazumbafilmes.com\/wp-content\/uploads\/2021\/10\/entrada-1.jpg?fit=600%2C343&amp;ssl=1\" \/>\n<meta name=\"twitter:label1\" content=\"Est. reading time\" \/>\n\t<meta name=\"twitter:data1\" content=\"9 minutes\" \/>\n<script type=\"application\/ld+json\" class=\"yoast-schema-graph\">{\"@context\":\"https:\/\/schema.org\",\"@graph\":[{\"@type\":\"WebSite\",\"@id\":\"https:\/\/cazumbafilmes.com\/#website\",\"url\":\"https:\/\/cazumbafilmes.com\/\",\"name\":\"Cazumb\\u00e1 Filmes\",\"description\":\"Cazumb\\u00e1 Filmes\",\"potentialAction\":[{\"@type\":\"SearchAction\",\"target\":{\"@type\":\"EntryPoint\",\"urlTemplate\":\"https:\/\/cazumbafilmes.com\/?s={search_term_string}\"},\"query-input\":\"required name=search_term_string\"}],\"inLanguage\":\"en-US\"},{\"@type\":\"ImageObject\",\"@id\":\"https:\/\/cazumbafilmes.com\/escola\/#primaryimage\",\"inLanguage\":\"en-US\",\"url\":\"https:\/\/i0.wp.com\/cazumbafilmes.com\/wp-content\/uploads\/2021\/10\/entrada-1.jpg?fit=600%2C343&ssl=1\",\"contentUrl\":\"https:\/\/i0.wp.com\/cazumbafilmes.com\/wp-content\/uploads\/2021\/10\/entrada-1.jpg?fit=600%2C343&ssl=1\",\"width\":600,\"height\":343},{\"@type\":\"WebPage\",\"@id\":\"https:\/\/cazumbafilmes.com\/escola\/#webpage\",\"url\":\"https:\/\/cazumbafilmes.com\/escola\/\",\"name\":\"SCHOOL - Cazumb\\u00e1 Filmes\",\"isPartOf\":{\"@id\":\"https:\/\/cazumbafilmes.com\/#website\"},\"primaryImageOfPage\":{\"@id\":\"https:\/\/cazumbafilmes.com\/escola\/#primaryimage\"},\"datePublished\":\"2021-07-07T19:23:28+00:00\",\"dateModified\":\"2021-10-15T20:57:16+00:00\",\"description\":\"Fundada em 2016 pela realizadora Larissa Figueiredo, a Cazumb\\u00e1 Filmes \\u00e9 uma produtora independente com foco na inova\\u00e7\\u00e3o e experimenta\\u00e7\\u00e3o de linguagem em conte\\u00fados voltados para cinema, televis\\u00e3o e novas m\\u00eddias.\",\"breadcrumb\":{\"@id\":\"https:\/\/cazumbafilmes.com\/escola\/#breadcrumb\"},\"inLanguage\":\"en-US\",\"potentialAction\":[{\"@type\":\"ReadAction\",\"target\":[\"https:\/\/cazumbafilmes.com\/escola\/\"]}]},{\"@type\":\"BreadcrumbList\",\"@id\":\"https:\/\/cazumbafilmes.com\/escola\/#breadcrumb\",\"itemListElement\":[{\"@type\":\"ListItem\",\"position\":1,\"name\":\"In\\u00edcio\",\"item\":\"https:\/\/cazumbafilmes.com\/\"},{\"@type\":\"ListItem\",\"position\":2,\"name\":\"ESCOLA\"}]}]}<\/script>\n<!-- \/ Yoast SEO plugin. -->","yoast_head_json":{"title":"SCHOOL - Cazumb\u00e1 Filmes","description":"Fundada em 2016 pela realizadora Larissa Figueiredo, a Cazumb\u00e1 Filmes \u00e9 uma produtora independente com foco na inova\u00e7\u00e3o e experimenta\u00e7\u00e3o de linguagem em conte\u00fados voltados para cinema, televis\u00e3o e novas m\u00eddias.","robots":{"index":"index","follow":"follow","max-snippet":"max-snippet:-1","max-image-preview":"max-image-preview:large","max-video-preview":"max-video-preview:-1"},"canonical":"https:\/\/cazumbafilmes.com\/escola\/","twitter_card":"summary","twitter_title":"SCHOOL - Cazumb\u00e1 Filmes","twitter_description":"Fundada em 2016 pela realizadora Larissa Figueiredo, a Cazumb\u00e1 Filmes \u00e9 uma produtora independente com foco na inova\u00e7\u00e3o e experimenta\u00e7\u00e3o de linguagem em conte\u00fados voltados para cinema, televis\u00e3o e novas m\u00eddias.","twitter_image":"https:\/\/i0.wp.com\/cazumbafilmes.com\/wp-content\/uploads\/2021\/10\/entrada-1.jpg?fit=600%2C343&ssl=1","twitter_misc":{"Est. reading time":"9 minutes"},"schema":{"@context":"https:\/\/schema.org","@graph":[{"@type":"WebSite","@id":"https:\/\/cazumbafilmes.com\/#website","url":"https:\/\/cazumbafilmes.com\/","name":"Cazumb\u00e1 Filmes","description":"Cazumb\u00e1 Filmes","potentialAction":[{"@type":"SearchAction","target":{"@type":"EntryPoint","urlTemplate":"https:\/\/cazumbafilmes.com\/?s={search_term_string}"},"query-input":"required name=search_term_string"}],"inLanguage":"en-US"},{"@type":"ImageObject","@id":"https:\/\/cazumbafilmes.com\/escola\/#primaryimage","inLanguage":"en-US","url":"https:\/\/i0.wp.com\/cazumbafilmes.com\/wp-content\/uploads\/2021\/10\/entrada-1.jpg?fit=600%2C343&ssl=1","contentUrl":"https:\/\/i0.wp.com\/cazumbafilmes.com\/wp-content\/uploads\/2021\/10\/entrada-1.jpg?fit=600%2C343&ssl=1","width":600,"height":343},{"@type":"WebPage","@id":"https:\/\/cazumbafilmes.com\/escola\/#webpage","url":"https:\/\/cazumbafilmes.com\/escola\/","name":"SCHOOL - Cazumb\u00e1 Filmes","isPartOf":{"@id":"https:\/\/cazumbafilmes.com\/#website"},"primaryImageOfPage":{"@id":"https:\/\/cazumbafilmes.com\/escola\/#primaryimage"},"datePublished":"2021-07-07T19:23:28+00:00","dateModified":"2021-10-15T20:57:16+00:00","description":"Fundada em 2016 pela realizadora Larissa Figueiredo, a Cazumb\u00e1 Filmes \u00e9 uma produtora independente com foco na inova\u00e7\u00e3o e experimenta\u00e7\u00e3o de linguagem em conte\u00fados voltados para cinema, televis\u00e3o e novas m\u00eddias.","breadcrumb":{"@id":"https:\/\/cazumbafilmes.com\/escola\/#breadcrumb"},"inLanguage":"en-US","potentialAction":[{"@type":"ReadAction","target":["https:\/\/cazumbafilmes.com\/escola\/"]}]},{"@type":"BreadcrumbList","@id":"https:\/\/cazumbafilmes.com\/escola\/#breadcrumb","itemListElement":[{"@type":"ListItem","position":1,"name":"In\u00edcio","item":"https:\/\/cazumbafilmes.com\/"},{"@type":"ListItem","position":2,"name":"ESCOLA"}]}]}},"jetpack_sharing_enabled":true,"jetpack_shortlink":"https:\/\/wp.me\/P7x8QJ-9t","_links":{"self":[{"href":"https:\/\/cazumbafilmes.com\/en\/wp-json\/wp\/v2\/pages\/587"}],"collection":[{"href":"https:\/\/cazumbafilmes.com\/en\/wp-json\/wp\/v2\/pages"}],"about":[{"href":"https:\/\/cazumbafilmes.com\/en\/wp-json\/wp\/v2\/types\/page"}],"author":[{"embeddable":true,"href":"https:\/\/cazumbafilmes.com\/en\/wp-json\/wp\/v2\/users\/5"}],"replies":[{"embeddable":true,"href":"https:\/\/cazumbafilmes.com\/en\/wp-json\/wp\/v2\/comments?post=587"}],"version-history":[{"count":83,"href":"https:\/\/cazumbafilmes.com\/en\/wp-json\/wp\/v2\/pages\/587\/revisions"}],"predecessor-version":[{"id":1218,"href":"https:\/\/cazumbafilmes.com\/en\/wp-json\/wp\/v2\/pages\/587\/revisions\/1218"}],"wp:attachment":[{"href":"https:\/\/cazumbafilmes.com\/en\/wp-json\/wp\/v2\/media?parent=587"}],"curies":[{"name":"wp","href":"https:\/\/api.w.org\/{rel}","templated":true}]}}