{"id":9,"date":"2016-05-16T18:08:17","date_gmt":"2016-05-16T21:08:17","guid":{"rendered":"http:\/\/cazumbafilmes.com\/?page_id=9"},"modified":"2016-06-08T22:03:05","modified_gmt":"2016-06-09T01:03:05","slug":"cazumba-filmes","status":"publish","type":"page","link":"https:\/\/cazumbafilmes.com\/en\/","title":{"rendered":"HOME"},"content":{"rendered":"<p>[vc_row][vc_column][rev_slider_vc alias=&#8221;home&#8221;][\/vc_column][\/vc_row]<\/p>\n","protected":false},"excerpt":{"rendered":"<p>[vc_row][vc_column][rev_slider_vc alias=&#8221;home&#8221;][\/vc_column][\/vc_row]<\/p>\n","protected":false},"author":2,"featured_media":0,"parent":0,"menu_order":0,"comment_status":"closed","ping_status":"closed","template":"","meta":{"spay_email":""},"yoast_head":"<!-- This site is optimized with the Yoast SEO plugin v17.3 - https:\/\/yoast.com\/wordpress\/plugins\/seo\/ -->\n<title>Cazumba Filmes - Produtora Independente<\/title>\n<meta name=\"description\" content=\"Cazumb\u00e1 Filmes \u00e9 uma produtora independente com foco na inova\u00e7\u00e3o e experimenta\u00e7\u00e3o de linguagem em conte\u00fados voltados para cinema, televis\u00e3o e novas m\u00eddias.\" \/>\n<meta name=\"robots\" content=\"index, follow, max-snippet:-1, max-image-preview:large, max-video-preview:-1\" \/>\n<link rel=\"canonical\" href=\"https:\/\/cazumbafilmes.com\/\" \/>\n<meta name=\"twitter:card\" content=\"summary\" \/>\n<meta name=\"twitter:title\" content=\"Cazumba Filmes - Produtora Independente\" \/>\n<meta name=\"twitter:description\" content=\"Cazumb\u00e1 Filmes \u00e9 uma produtora independente com foco na inova\u00e7\u00e3o e experimenta\u00e7\u00e3o de linguagem em conte\u00fados voltados para cinema, televis\u00e3o e novas m\u00eddias.\" \/>\n<script type=\"application\/ld+json\" class=\"yoast-schema-graph\">{\"@context\":\"https:\/\/schema.org\",\"@graph\":[{\"@type\":\"WebSite\",\"@id\":\"https:\/\/cazumbafilmes.com\/#website\",\"url\":\"https:\/\/cazumbafilmes.com\/\",\"name\":\"Cazumb\\u00e1 Filmes\",\"description\":\"Cazumb\\u00e1 Filmes\",\"potentialAction\":[{\"@type\":\"SearchAction\",\"target\":{\"@type\":\"EntryPoint\",\"urlTemplate\":\"https:\/\/cazumbafilmes.com\/?s={search_term_string}\"},\"query-input\":\"required name=search_term_string\"}],\"inLanguage\":\"en-US\"},{\"@type\":\"WebPage\",\"@id\":\"https:\/\/cazumbafilmes.com\/#webpage\",\"url\":\"https:\/\/cazumbafilmes.com\/\",\"name\":\"Cazumba Filmes - Produtora Independente\",\"isPartOf\":{\"@id\":\"https:\/\/cazumbafilmes.com\/#website\"},\"datePublished\":\"2016-05-16T21:08:17+00:00\",\"dateModified\":\"2016-06-09T01:03:05+00:00\",\"description\":\"Cazumb\\u00e1 Filmes \\u00e9 uma produtora independente com foco na inova\\u00e7\\u00e3o e experimenta\\u00e7\\u00e3o de linguagem em conte\\u00fados voltados para cinema, televis\\u00e3o e novas m\\u00eddias.\",\"breadcrumb\":{\"@id\":\"https:\/\/cazumbafilmes.com\/#breadcrumb\"},\"inLanguage\":\"en-US\",\"potentialAction\":[{\"@type\":\"ReadAction\",\"target\":[\"https:\/\/cazumbafilmes.com\/\"]}]},{\"@type\":\"BreadcrumbList\",\"@id\":\"https:\/\/cazumbafilmes.com\/#breadcrumb\",\"itemListElement\":[{\"@type\":\"ListItem\",\"position\":1,\"name\":\"In\\u00edcio\",\"item\":\"https:\/\/cazumbafilmes.com\/\"},{\"@type\":\"ListItem\",\"position\":2,\"name\":\"HOME\"}]}]}<\/script>\n<!-- \/ Yoast SEO plugin. -->","yoast_head_json":{"title":"Cazumba Filmes - Produtora Independente","description":"Cazumb\u00e1 Filmes \u00e9 uma produtora independente com foco na inova\u00e7\u00e3o e experimenta\u00e7\u00e3o de linguagem em conte\u00fados voltados para cinema, televis\u00e3o e novas m\u00eddias.","robots":{"index":"index","follow":"follow","max-snippet":"max-snippet:-1","max-image-preview":"max-image-preview:large","max-video-preview":"max-video-preview:-1"},"canonical":"https:\/\/cazumbafilmes.com\/","twitter_card":"summary","twitter_title":"Cazumba Filmes - Produtora Independente","twitter_description":"Cazumb\u00e1 Filmes \u00e9 uma produtora independente com foco na inova\u00e7\u00e3o e experimenta\u00e7\u00e3o de linguagem em conte\u00fados voltados para cinema, televis\u00e3o e novas m\u00eddias.","schema":{"@context":"https:\/\/schema.org","@graph":[{"@type":"WebSite","@id":"https:\/\/cazumbafilmes.com\/#website","url":"https:\/\/cazumbafilmes.com\/","name":"Cazumb\u00e1 Filmes","description":"Cazumb\u00e1 Filmes","potentialAction":[{"@type":"SearchAction","target":{"@type":"EntryPoint","urlTemplate":"https:\/\/cazumbafilmes.com\/?s={search_term_string}"},"query-input":"required name=search_term_string"}],"inLanguage":"en-US"},{"@type":"WebPage","@id":"https:\/\/cazumbafilmes.com\/#webpage","url":"https:\/\/cazumbafilmes.com\/","name":"Cazumba Filmes - Produtora Independente","isPartOf":{"@id":"https:\/\/cazumbafilmes.com\/#website"},"datePublished":"2016-05-16T21:08:17+00:00","dateModified":"2016-06-09T01:03:05+00:00","description":"Cazumb\u00e1 Filmes \u00e9 uma produtora independente com foco na inova\u00e7\u00e3o e experimenta\u00e7\u00e3o de linguagem em conte\u00fados voltados para cinema, televis\u00e3o e novas m\u00eddias.","breadcrumb":{"@id":"https:\/\/cazumbafilmes.com\/#breadcrumb"},"inLanguage":"en-US","potentialAction":[{"@type":"ReadAction","target":["https:\/\/cazumbafilmes.com\/"]}]},{"@type":"BreadcrumbList","@id":"https:\/\/cazumbafilmes.com\/#breadcrumb","itemListElement":[{"@type":"ListItem","position":1,"name":"In\u00edcio","item":"https:\/\/cazumbafilmes.com\/"},{"@type":"ListItem","position":2,"name":"HOME"}]}]}},"jetpack_sharing_enabled":true,"jetpack_shortlink":"https:\/\/wp.me\/P7x8QJ-9","_links":{"self":[{"href":"https:\/\/cazumbafilmes.com\/en\/wp-json\/wp\/v2\/pages\/9"}],"collection":[{"href":"https:\/\/cazumbafilmes.com\/en\/wp-json\/wp\/v2\/pages"}],"about":[{"href":"https:\/\/cazumbafilmes.com\/en\/wp-json\/wp\/v2\/types\/page"}],"author":[{"embeddable":true,"href":"https:\/\/cazumbafilmes.com\/en\/wp-json\/wp\/v2\/users\/2"}],"replies":[{"embeddable":true,"href":"https:\/\/cazumbafilmes.com\/en\/wp-json\/wp\/v2\/comments?post=9"}],"version-history":[{"count":9,"href":"https:\/\/cazumbafilmes.com\/en\/wp-json\/wp\/v2\/pages\/9\/revisions"}],"predecessor-version":[{"id":272,"href":"https:\/\/cazumbafilmes.com\/en\/wp-json\/wp\/v2\/pages\/9\/revisions\/272"}],"wp:attachment":[{"href":"https:\/\/cazumbafilmes.com\/en\/wp-json\/wp\/v2\/media?parent=9"}],"curies":[{"name":"wp","href":"https:\/\/api.w.org\/{rel}","templated":true}]}}